{"id":373,"date":"2023-01-27T08:59:25","date_gmt":"2023-01-27T07:59:25","guid":{"rendered":"https:\/\/nutzling.at\/datenschutzerklaerung\/"},"modified":"2023-01-29T17:10:54","modified_gmt":"2023-01-29T16:10:54","slug":"datenschutz","status":"publish","type":"page","link":"https:\/\/nutzling.at\/home\/datenschutz\/","title":{"rendered":"Datenschutz"},"content":{"rendered":"<p>[et_pb_section fb_built=&#8221;1&#8243; admin_label=&#8221;Service&#8221; _builder_version=&#8221;4.19.5&#8243; _module_preset=&#8221;default&#8221; background_color=&#8221;#F4E0C5&#8243; min_height=&#8221;2250px&#8221; custom_margin=&#8221;||-6px|||&#8221; custom_padding=&#8221;3px||3px||false|false&#8221; locked=&#8221;off&#8221; collapsed=&#8221;on&#8221; global_colors_info=&#8221;{%22gcid-2cf18f4b-ad1d-4daf-a40a-75be4919065f%22:%91%22background_color%22%93}&#8221;][et_pb_row column_structure=&#8221;1_2,1_2&#8243; gutter_width=&#8221;1&#8243; _builder_version=&#8221;4.19.5&#8243; _module_preset=&#8221;default&#8221; max_height=&#8221;2400px&#8221; custom_padding=&#8221;||0px||false|false&#8221; global_colors_info=&#8221;{}&#8221; custom_margin=&#8221;30px|auto|4px|auto|false|false&#8221;][et_pb_column type=&#8221;1_2&#8243; _builder_version=&#8221;4.19.5&#8243; _module_preset=&#8221;default&#8221; background_enable_color=&#8221;off&#8221; custom_padding=&#8221;0px|20px|0px|20px|false|true&#8221; custom_padding_tablet=&#8221;30px|30px|30px|30px|true|true&#8221; custom_padding_phone=&#8221;20px|20px|20px|20px|true|true&#8221; custom_padding_last_edited=&#8221;on|tablet&#8221; global_colors_info=&#8221;{}&#8221;][et_pb_text _builder_version=&#8221;4.19.5&#8243; _module_preset=&#8221;default&#8221; header_3_font=&#8221;Poppins|600|||||||&#8221; header_3_text_align=&#8221;center&#8221; header_3_text_color=&#8221;#719869&#8243; header_3_font_size=&#8221;50px&#8221; custom_margin=&#8221;||50px||false|false&#8221; hover_enabled=&#8221;0&#8243; global_colors_info=&#8221;{}&#8221; sticky_enabled=&#8221;0&#8243;]<\/p>\n<h3><strong>Datenschutz<\/strong><\/h3>\n<p>[\/et_pb_text][et_pb_text _builder_version=&#8221;4.19.5&#8243; _module_preset=&#8221;default&#8221; text_font=&#8221;Poppins|300|||||||&#8221; text_text_color=&#8221;#719869&#8243; custom_margin=&#8221;0px||0px||false|false&#8221; custom_padding=&#8221;0px||0px||false|false&#8221; global_colors_info=&#8221;{}&#8221;]<\/p>\n<p><strong>Grunds\u00e4tzliches<br \/><\/strong><\/p>\n<p>Der Firma Digiforce ist das Thema Datenschutz ein gro\u00dfes Anliegen. Wir identifizieren uns mit den Grunds\u00e4tzen der EU-Datenschutz-Grundverordnung, d.h. wir verarbeiten Ihre Daten so sparsam wie m\u00f6glich, speichern sie so kurz wie m\u00f6glich und achten dabei auf gr\u00f6\u00dftm\u00f6gliche Sicherheit. Wir verarbeiten Ihre Daten ausschlie\u00dflich auf Grundlage der gesetzlichen Bestimmungen (DSGVO, DSG 2018, TKG 2003). In dieser Datenschutzerkl\u00e4rung informieren wir Sie \u00fcber die wichtigsten Aspekte der Datenverarbeitung im Rahmen unserer Website.<\/p>\n<p>Verantwortlicher ist:<\/p>\n<p><strong>Digiforce Digitalagentur e.U.<\/strong><br \/><strong>Josef Ressel Stra\u00dfe 4<\/strong><br \/><strong>9100 V\u00f6lkermarkt<\/strong><br \/><strong>\u00d6sterreich<\/strong><\/p>\n<p><strong>Rechtsgrundlage und Speicherdauer<\/strong><\/p>\n<p>Die gesammelten personenbezogenen Daten ben\u00f6tigen wir f\u00fcr einen technisch reibungslosen Besuch unserer Website, zur Vertragserf\u00fcllung und Verrechnung beim Online-Einkauf und um Ihnen einen bestm\u00f6glichen Kundenservice bieten zu k\u00f6nnen. Die Daten werden hierf\u00fcr erhoben, gespeichert, verarbeitet und genutzt.<\/p>\n<p>Die rechtlichen Grundlagen f\u00fcr die Verarbeitung Deiner personenbezogenen Daten sind einerseits Vertragserf\u00fcllung, berechtigte Interessen und die Erf\u00fcllung unserer rechtlichen bzw. vertraglichen Verpflichtungen sowie andererseits Ihre Einwilligung (Kontaktformular, Newsletter, Cookies). Die Nichtbereitstellung der Daten kann unterschiedliche Folgen haben.<\/p>\n<p>Wir verarbeiten Ihre Daten soweit erforderlich, f\u00fcr die Dauer der gesamten Gesch\u00e4ftsbeziehung (von der Anbahnung bis zur vollst\u00e4ndigen Abwicklung des Kaufvertrags) sowie dar\u00fcber hinaus gem\u00e4\u00df den gesetzlichen Aufbewahrungs- und Dokumentationspflichten, die sich u.a. aus dem Unternehmensgesetzbuch (UGB), der Bundesabgabenordnung (BAO) ergeben sowie bis zur Beendigung eines allf\u00e4lligen Rechtsstreits, fortlaufender Gew\u00e4hrleistungs- und Garantiefristen usw.<\/p>\n<p><strong>Weitergabe an Dritte<\/strong><\/p>\n<p>Im Rahmen des Betriebs unserer Websites und der dahinterliegenden verarbeitenden Systeme beauftragen wir Auftragsverarbeiter (IT-Dienstleister, Zahlungsdienstleister, Transportdienstleister, Steuerberater), die im Zuge ihrer T\u00e4tigkeiten Zugriff auf Ihre Daten erlangen k\u00f6nnen, sofern diese die Daten zur Erf\u00fcllung ihrer jeweiligen Leistung ben\u00f6tigen. Diese haben sich zur Einhaltung der geltenden datenschutzrechtlichen Bestimmungen uns gegen\u00fcber verpflichtet. Es wurden Auftragsverarbeitungsvertr\u00e4ge gem\u00e4\u00df Art 28 DSGVO abgeschlossen.<\/p>\n<p>Dar\u00fcber hinaus werden wir Ihre Daten niemals an Dritte weitergeben, es sei denn, wir sollten gesetzlich dazu verpflichtet sein. Wir nehmen den Schutz Ihrer Daten sehr ernst. Zu den Ma\u00dfnahmen, die wir zum Schutz Ihrer Daten setzen, siehe weiter unten, Absatz &#8220;Datensicherheit&#8221;.<\/p>\n<p><strong>IP-Adresse<\/strong><\/p>\n<p>Beim Aufruf unserer Website wird Ihre IP-Adresse in unseren Serverlogs erfasst, aber umgehend durch Maskierung der letzten 8 Bit pseudonymisiert. Dadurch ist nur mehr eine grobe Lokalisierung m\u00f6glich. Die Serverlogdaten werden f\u00fcr die Dauer von 30 Tagen bei uns aufbewahrt.<\/p>\n<p><strong>Online-Einkauf<\/strong><\/p>\n<p>Zum Zweck des einfacheren Einkaufsvorganges und zur sp\u00e4teren Vertragsabwicklung speichern wir im Rahmen von Cookies Ihre IP-Adresse. Weiters speichern wir die Daten, die Sie uns im Zuge der Registrierung und\/oder Ihres Einkaufs bekannt geben (Name, Kontaktdaten, Versandart etc., Inhalt der Bestellung). Selbstverst\u00e4ndlich erfolgt die Daten\u00fcbertragung ausschlie\u00dflich \u00fcber eine verschl\u00fcsselte Verbindung.<\/p>\n<p>In weiterer Folge werden zum Zweck der Vertragsabwicklung in unseren Systemen auch Daten zum Versandstatus der Lieferungen an Sie gespeichert.<\/p>\n<p>Die von Ihnen bereit gestellten Daten sind zur Vertragserf\u00fcllung bzw. zur Durchf\u00fchrung vorvertraglicher Ma\u00dfnahmen erforderlich. Ohne diese Daten k\u00f6nnen wir den Vertrag mit Ihnen nicht abschlie\u00dfen. Eine Daten\u00fcbermittlung an Dritte erfolgt nicht, mit Ausnahme der jeweils n\u00f6tigen Daten an die von uns beauftragten Transportunternehmen\/Versandunternehmen zur Zustellung der Ware, an unseren Steuerberater zur Erf\u00fcllung unserer steuerrechtlichen Verpflichtungen und an unsere IT-Dienstleister f\u00fcr einen reibungslosen technischen Ablauf sowie im Fall von Zahlung mit Kreditkarte an die abwickelnden Bankinstitute\/Zahlungsdienstleister zum Zwecke der Abbuchung des Einkaufspreises. In diesem Fall \u00fcbergeben wir nur den Einkaufspreis mit einer anonymisierten Transaktions-ID, d.h. der Zahlungsdienstleister erh\u00e4lt von uns keine weiteren Informationen zur Bestellung. Diese Auftragsverarbeiter haben sich zur Einhaltung der geltenden datenschutzrechtlichen Bestimmungen uns gegen\u00fcber verpflichtet. Es wurde ein Auftragsverarbeitungsvertrag gem\u00e4\u00df Art 28 DSGVO abgeschlossen.<\/p>\n<p>Sollten Sie den Einkaufsvorgang vor Abschluss abbrechen, werden keinerlei Daten bei uns gespeichert. Im Falle eines Vertragsabschlusses werden s\u00e4mtliche Daten aus dem Vertragsverh\u00e4ltnis bis zum Ablauf der steuerrechtlichen Aufbewahrungsfrist (sieben Jahre) gespeichert. Die Daten Name, Anschrift, gekaufte Waren, Kaufdatum und Zahlungsart werden dar\u00fcber hinaus gehend bis zum Ablauf der Produkthaftung (10 Jahre) gespeichert. Die Datenverarbeitung erfolgt auf Basis der gesetzlichen Bestimmungen des \u00a7 96 Abs 3 TKG sowie des Art 6 Abs 1 lit a (Einwilligung) und\/oder lit b (notwendig zur Vertragserf\u00fcllung) der DSGVO.<\/p>\n<p><strong>Kontaktformular<\/strong><\/p>\n<p>Wenn Sie per Kontaktformular auf dieser Website oder per E-Mail Kontakt mit uns aufnehmen, wird Ihre Anfrage \u00fcber unseren eigenen Mailserver an uns \u00fcbermittelt, weiterverarbeitet und bei uns gespeichert. Diese Daten werden ohne Ihre Einverst\u00e4ndniserkl\u00e4rung nicht erhoben oder weitergegeben. Ohne diese Daten k\u00f6nnen wir Deine Anfrage nicht bearbeiten. Wir speichern Anfragen \u00fcber Kontaktformular wie unsere gesamte Gesch\u00e4ftskorrespondenz sieben Jahre lang.<\/p>\n<p>Die Datenverarbeitung erfolgt auf Basis der gesetzlichen Bestimmungen des \u00a7 96 Abs 3 TKG sowie des Art 6 Abs 1 lit a (Einwilligung) DSGVO.<\/p>\n<p>[\/et_pb_text][\/et_pb_column][et_pb_column type=&#8221;1_2&#8243; _builder_version=&#8221;4.18.0&#8243; _module_preset=&#8221;default&#8221; custom_padding=&#8221;60px||60px|60px|true|false&#8221; custom_padding_tablet=&#8221;30px|0px|30px|0px|true|true&#8221; custom_padding_phone=&#8221;30px||30px||true|true&#8221; custom_padding_last_edited=&#8221;on|phone&#8221; global_colors_info=&#8221;{}&#8221;][et_pb_text _builder_version=&#8221;4.19.5&#8243; _module_preset=&#8221;default&#8221; text_font=&#8221;Poppins|300|||||||&#8221; text_text_color=&#8221;#719869&#8243; custom_margin=&#8221;1px|||||&#8221; custom_padding=&#8221;50px|||||&#8221; global_colors_info=&#8221;{}&#8221;]<\/p>\n<p><strong>Newsletter<\/strong><\/p>\n<p>Sie haben die M\u00f6glichkeit, \u00fcber unsere Website unseren Newsletter zu abonnieren. Hierf\u00fcr ben\u00f6tigen wir Ihre E-Mail-Adresse und Ihre Erkl\u00e4rung, dass Sie mit dem Bezug des Newsletters einverstanden bist. Ohne die Bekanntgabe dieser Daten ist die \u00dcbermittlung unseres Newsletters nicht m\u00f6glich.<\/p>\n<p>Sobald Sie sich f\u00fcr den Newsletter angemeldet haben, senden wir Ihnen eine Best\u00e4tigungs-Email mit einem Link zur Best\u00e4tigung der Anmeldung (Double- Opt-In-Verfahren).<\/p>\n<p>Das Abo des Newsletters k\u00f6nnen Sie jederzeit stornieren. Klicken Sie dazu auf den Punkt &#8220;Newsletter&#8221; in der Bottom-Navigation dieser Website \u2013 Sie finden die Abmeldung auf der folgenden Seite unten \u2013 oder schicken Sie ein Email. Wir l\u00f6schen anschlie\u00dfend umgehend Ihre Daten im Zusammenhang mit dem Newsletterversand.<\/p>\n<p>Die Datenverarbeitung erfolgt auf Basis der gesetzlichen Bestimmungen des \u00a7 96 Abs 3 TKG sowie des Art 6 Abs 1 lit a (Einwilligung) DSGVO.<\/p>\n<p><strong>Cookies und Web-Analyse<\/strong><\/p>\n<p>Unsere Website verwendet sogenannte Cookies. Dabei handelt es sich um kleine Textdateien, die mit Hilfe des Browsers auf Ihrem Endger\u00e4t abgelegt werden.<\/p>\n<p>Sie erm\u00f6glichen eine Wiedererkennung des Benutzers und eine Analyse der Nutzung unserer Website. Die dadurch erzeugten Informationen werden auf den Server des Anbieters \u00fcbertragen und dort gespeichert. Sie helfen uns, unsere Internetpr\u00e4senz insgesamt nutzerfreundlicher, effektiver sowie sicherer zu machen. Zudem dienen Cookies zur Messung der H\u00e4ufigkeit von Seitenaufrufen und zur allgemeinen Navigation.<\/p>\n<p>Durch die Nutzung unserer Website willigen Sie ein, dass wir Cookies setzen. Einige Cookies bleiben auf Ihrem Endger\u00e4t gespeichert, bis Sie sie l\u00f6schen. Sie k\u00f6nnen in Ihren Browsereinstellungen die Annahme von Cookies verweigern. Sie k\u00f6nnen aber auch Ihren Browser so einrichten, dass er Sie \u00fcber das Setzen von Cookies informiert und dies nur im Einzelfall erlauben, oder das Setzen von Cookies deaktivieren. Bereits abgelegte Cookies k\u00f6nnen Sie n den Einstellungen Ihres Browsers jederzeit l\u00f6schen. Da die entsprechende Vorgehensweise browser-spezifisch ist, bitten wir Sie, sich dazu in der Anleitung Ihres Browsers zu informieren. Wir weisen jedoch ausdr\u00fccklich darauf hin, dass die Funktionalit\u00e4t der Website dadurch eingeschr\u00e4nkt sein kann, insbesondere ein Online-Einkauf bei uns leider technisch nicht m\u00f6glich ist, da es ohne Cookies nicht m\u00f6glich ist, Artikel in den Warenkorb zu legen.<\/p>\n<p><strong>Cookies und Web-Analyse: Google<\/strong><\/p>\n<p>Diese Website benutzt Google Analytics, einen Webanalysedienst der Google Inc. (&#8220;Google&#8221;), 1600 Amphitheatre Parkway, Mountain View, California, 94043, USA. Die Datenverarbeitung erfolgt auf Basis der gesetzlichen Bestimmungen des \u00a7 96 Abs 3 TKG sowie des Art 6 Abs 1 lit a (Einwilligung) und\/oder f (berechtigtes Interesse) der DSGVO. Unser Anliegen im Sinne der DSGVO (berechtigtes Interesse) ist die Verbesserung unseres Angebotes und unseres Webauftritts.<\/p>\n<p>Google Analytics verwendet Cookies, die eine Analyse der Benutzung der Website durch Sie erm\u00f6glichen. Die durch das Cookie erzeugten Informationen \u00fcber Ihre Benutzung dieser Website wie<\/p>\n<p>Browser-Typ\/-Version<br \/>verwendetes Betriebssystem<br \/>Referrer-URL (die zuvor besuchte Seite)<br \/>Hostname des zugreifenden Rechners (IP-Adresse)<br \/>Uhrzeit der Serveranfrage<\/p>\n<p>werden in der Regel an einen Server von Google in den USA \u00fcbertragen und dort gespeichert. Die im Rahmen von Google Analytics von Ihrem Browser \u00fcbermittelte IP-Adresse wird nicht mit anderen Daten von Google zusammengef\u00fchrt. Au\u00dferdem, verwenden wir auf dieser Website IP-Anonymisierung, indem wir Google Analytics mit der Erweiterung &#8220;AnonymizeIp&#8221; einsetzen, da uns Ihre Privatsph\u00e4re wichtig ist. Das bedeutet, dass Ihre IP-Adresse von Google bereits innerhalb der Mitgliedstaaten der Europ\u00e4ischen Union oder in anderen Vertragsstaaten des Abkommens \u00fcber den Europ\u00e4ischen Wirtschaftsraum gek\u00fcrzt wird. Nur in Ausnahmef\u00e4llen wird die volle IP-Adresse an einen Server von Google in den USA \u00fcbertragen und erst dort gek\u00fcrzt.<\/p>\n<p>Im Auftrag von uns als Betreiber dieser Website wird Google diese Informationen benutzen, um Ihre Nutzung der Website auszuwerten, um Reports \u00fcber die Websiteaktivit\u00e4ten zusammenzustellen und um weitere mit der Websitenutzung und der Internetnutzung verbundene Dienstleistungen gegen\u00fcber dem Websitebetreiber zu erbringen.<\/p>\n<p>Sie k\u00f6nnen die Speicherung der Cookies durch eine entsprechende Einstellung in Ihrem Browser verhindern. Sie k\u00f6nnen dar\u00fcber hinaus die Erfassung der durch das Cookie erzeugten und auf Ihre Nutzung der Website bezogenen Daten (inkl. Ihrer IP-Adresse) an Google sowie die Verarbeitung dieser Daten durch Google verhindern, indem Sie das unter dem folgenden Link verf\u00fcgbare Browser-Plugin herunterladen und installieren: http:\/\/tools.google.com\/dlpage\/gaoptout?hl=de<\/p>\n<p>N\u00e4here Informationen zu Nutzungsbedingungen und Datenschutz finden Sie direkt bei Google unter http:\/\/www.google.com\/analytics\/terms\/de.html sowie unter https:\/\/policies.google.com und https:\/\/policies.google.com\/privacy\/partners<\/p>\n<p>Wir haben mit Google einen Vertrag zur Auftragsdatenverarbeitung abgeschlossen. Google hat sich zur Einhaltung der geltenden datenschutzrechtlichen Bestimmungen uns gegen\u00fcber verpflichtet.<\/p>\n<p>Die Beziehung zu Google basiert auf von der Europ\u00e4ischen Kommission genehmigten Standardvertragsklauseln und, f\u00fcr die \u00dcbermittlung von Daten aus dem EWR in die USA und andere L\u00e4nder, gegebenenfalls auf den von der Europ\u00e4ischen Kommission erlassenen Angemessenheitsbeschl\u00fcssen bez\u00fcglich der USA.<\/p>\n<p><strong>Einwillig und Wiederruf<\/strong><\/p>\n<p>Ihre Zustimmung k\u00f6nnen Sie jederzeit unter folgender E-Mail Adresse widerrufen: <a href=\"mailto:mail@nutzling.at\">mail@nutzling.at<\/a> . In einem solchen Fall werden die bisher \u00fcber Sie gespeicherten Daten anonymisiert und in weiterer Folge lediglich f\u00fcr statistische Zwecke ohne Personenbezug weiterverwendet. Mittels des Widerrufs der Zustimmung wird die Rechtm\u00e4\u00dfigkeit der aufgrund der Zustimmung bis zum Widerruf erfolgten Verarbeitung nicht ber\u00fchrt.<\/p>\n<p>[\/et_pb_text][\/et_pb_column][\/et_pb_row][\/et_pb_section]<\/p>\n","protected":false},"excerpt":{"rendered":"<p>DatenschutzGrunds\u00e4tzliches Der Firma Digiforce ist das Thema Datenschutz ein gro\u00dfes Anliegen. Wir identifizieren uns mit den Grunds\u00e4tzen der EU-Datenschutz-Grundverordnung, d.h. wir verarbeiten Ihre Daten so sparsam wie m\u00f6glich, speichern sie so kurz wie m\u00f6glich und achten dabei auf gr\u00f6\u00dftm\u00f6gliche Sicherheit. Wir verarbeiten Ihre Daten ausschlie\u00dflich auf Grundlage der gesetzlichen Bestimmungen (DSGVO, DSG 2018, TKG 2003). [&hellip;]<\/p>\n","protected":false},"author":1,"featured_media":0,"parent":0,"menu_order":0,"comment_status":"closed","ping_status":"closed","template":"","meta":{"_et_pb_use_builder":"on","_et_pb_old_content":"","_et_gb_content_width":"","footnotes":""},"class_list":["post-373","page","type-page","status-publish","hentry"],"_links":{"self":[{"href":"https:\/\/nutzling.at\/home\/wp-json\/wp\/v2\/pages\/373","targetHints":{"allow":["GET"]}}],"collection":[{"href":"https:\/\/nutzling.at\/home\/wp-json\/wp\/v2\/pages"}],"about":[{"href":"https:\/\/nutzling.at\/home\/wp-json\/wp\/v2\/types\/page"}],"author":[{"embeddable":true,"href":"https:\/\/nutzling.at\/home\/wp-json\/wp\/v2\/users\/1"}],"replies":[{"embeddable":true,"href":"https:\/\/nutzling.at\/home\/wp-json\/wp\/v2\/comments?post=373"}],"version-history":[{"count":9,"href":"https:\/\/nutzling.at\/home\/wp-json\/wp\/v2\/pages\/373\/revisions"}],"predecessor-version":[{"id":635,"href":"https:\/\/nutzling.at\/home\/wp-json\/wp\/v2\/pages\/373\/revisions\/635"}],"wp:attachment":[{"href":"https:\/\/nutzling.at\/home\/wp-json\/wp\/v2\/media?parent=373"}],"curies":[{"name":"wp","href":"https:\/\/api.w.org\/{rel}","templated":true}]}}