{"id":375,"date":"2023-01-27T08:59:25","date_gmt":"2023-01-27T07:59:25","guid":{"rendered":"https:\/\/nutzling.at\/agb\/"},"modified":"2023-01-29T12:13:02","modified_gmt":"2023-01-29T11:13:02","slug":"agb","status":"publish","type":"page","link":"https:\/\/nutzling.at\/home\/agb\/","title":{"rendered":"Gesch\u00e4ftsbedingungen"},"content":{"rendered":"<p>[et_pb_section fb_built=&#8221;1&#8243; admin_label=&#8221;Header&#8221; _builder_version=&#8221;4.19.5&#8243; _module_preset=&#8221;default&#8221; background_color=&#8221;#F4E0C5&#8243; min_height=&#8221;1700.2px&#8221; custom_padding=&#8221;50px||5px|||&#8221; global_colors_info=&#8221;{}&#8221;][et_pb_row _builder_version=&#8221;4.19.5&#8243; _module_preset=&#8221;6dd653c5-ca68-4fef-87ea-a408281728a0&#8243; custom_margin=&#8221;2px|auto|50px|auto|false|false&#8221; hover_enabled=&#8221;0&#8243; global_colors_info=&#8221;{}&#8221; background_enable_color=&#8221;off&#8221; sticky_enabled=&#8221;0&#8243;][et_pb_column type=&#8221;4_4&#8243; _builder_version=&#8221;4.19.5&#8243; _module_preset=&#8221;default&#8221; hover_enabled=&#8221;0&#8243; global_colors_info=&#8221;{}&#8221; sticky_enabled=&#8221;0&#8243;][et_pb_text _builder_version=&#8221;4.19.5&#8243; _module_preset=&#8221;default&#8221; header_font=&#8221;Poppins|600|||||||&#8221; header_text_color=&#8221;#000000&#8243; header_font_size=&#8221;72px&#8221; header_line_height=&#8221;1.1em&#8221; header_3_font=&#8221;Poppins|600|||||||&#8221; header_3_text_color=&#8221;#719869&#8243; header_3_font_size=&#8221;30px&#8221; text_orientation=&#8221;center&#8221; header_font_size_tablet=&#8221;40px&#8221; header_font_size_phone=&#8221;26px&#8221; header_font_size_last_edited=&#8221;on|phone&#8221; locked=&#8221;off&#8221; global_colors_info=&#8221;{}&#8221;]<\/p>\n<h3><strong>Gesch\u00e4ftsbedingungen<\/strong><\/h3>\n<p>[\/et_pb_text][\/et_pb_column][\/et_pb_row][et_pb_row column_structure=&#8221;1_2,1_2&#8243; _builder_version=&#8221;4.19.5&#8243; _module_preset=&#8221;6dd653c5-ca68-4fef-87ea-a408281728a0&#8243; max_height=&#8221;1320px&#8221; hover_enabled=&#8221;0&#8243; global_colors_info=&#8221;{}&#8221; background_enable_color=&#8221;off&#8221; sticky_enabled=&#8221;0&#8243;][et_pb_column type=&#8221;1_2&#8243; _builder_version=&#8221;4.16&#8243; _module_preset=&#8221;default&#8221; global_colors_info=&#8221;{}&#8221;][et_pb_text _builder_version=&#8221;4.16&#8243; _module_preset=&#8221;default&#8221; text_font=&#8221;Poppins|300|||||||&#8221; text_text_color=&#8221;#000000&#8243; global_colors_info=&#8221;{}&#8221;]<\/p>\n<p>F\u00fcr Leistungen sowie Lieferungen zwischen den Kunden und [Firma] gelten ausschlie\u00dflich die nachfolgenden Allgemeinen Gesch\u00e4ftsbedingungen. Der Kunde erkennt die ausschlie\u00dfliche Geltung unserer Allgemeinen Gesch\u00e4ftsbedingungen f\u00fcr die gesamten Gesch\u00e4ftsbeziehungen an.<\/p>\n<p><strong>1. Allgemeines<\/strong><br \/>Der Verkauf unserer Waren erfolgt an Verbraucher sowie Unternehmer mit Wohnsitz\/ Firmensitz in \u00d6sterreich. Mit dem Anklicken der Checkbox im Warenkorb vor Abgabe der Bestellung \u201eIch habe die AGB gelesen und akzeptiert\u201c, erkl\u00e4rt sich der K\u00e4ufer mit diesen Allgemeinen Gesch\u00e4ftsbedingungen einverstanden und an sie gebunden.<br \/>Unsere Angebotspalette ist unverbindlich. Die Bestellung des voll gesch\u00e4ftsf\u00e4higen Kunden (Personen ab dem 18. Lebensjahr) stellt ein Angebot zum Abschluss eines Kaufvertrages dar. Die anschlie\u00dfend von uns verschickte Best\u00e4tigung des Eingangs der Bestellung iSd \u00a7 10 Abs 2 ECG stellt an sich noch keine Annahme des Angebotes dar. Der Kaufvertrag kommt erst zustande, sobald wir die bestellte Ware ausliefern, durch den Versand einer zweiten E-Mail als Auftragsbest\u00e4tigung oder durch sonstige Annahme des Kundenangebots. Alle Angebote auf unserer Website sind freibleibend, unverbindlich und nur erh\u00e4ltlich solange der Vorrat reicht.<\/p>\n<p><strong>2. Bestellvorgang (bitte anpassen!)<\/strong><br \/>Wenn Sie das gew\u00fcnschte Produkt ausgew\u00e4hlt haben, k\u00f6nnen Sie dieses unverbindlich durch Anklicken des Buttons [in den Warenkorb] in den Warenkorb legen. Den Inhalt des Warenkorbs k\u00f6nnen Sie jederzeit durch Anklicken des Buttons [Zum Warenkorb] unverbindlich ansehen. Die Produkte k\u00f6nnen Sie jederzeit durch Anklicken des Buttons [L\u00f6schen] wieder aus dem Warenkorb entfernen. Wenn Sie die Produkte im Warenkorb kaufen wollen, klicken Sie den Button [Zur Kasse]. Bitte geben Sie dann Ihre Daten ein. Bei Erstbestellung ist eine Registrierung als &#8220;Neuer Benutzer&#8221; erforderlich. F\u00fcr weitere Bestellungen gen\u00fcgt die Eingabe des vom Benutzer bei der Erstregistrierung festgelegten Logins und Passwortes. Ihre Daten werden verschl\u00fcsselt \u00fcbertragen. Nach Eingabe Ihrer Daten und Auswahl der Art der Zahlung und Lieferung gelangen Sie \u00fcber den Button [Bestellung best\u00e4tigen] zur Bestellseite, auf der Sie Ihre Eingaben nochmals \u00fcberpr\u00fcfen k\u00f6nnen. Durch Anklicken des Buttons [\u201ezahlungspflichtig bestellen\u201c] schlie\u00dfen Sie den Bestellvorgang ab. Durch Bet\u00e4tigung des \u201eZur\u00fcck-Pfeiles\u201c des Browsers k\u00f6nnen Sie die Eingaben korrigieren. Der Bestellvorgang l\u00e4sst sich jederzeit durch Schlie\u00dfen des Browsers abbrechen.<\/p>\n<p><strong>3.Vertragssprache<\/strong><br \/>Der Vertragsinhalt, alle sonstigen Informationen, Kundendienst, Dateninformationen und Beschwerdeerledigung werden in deutscher Sprache angeboten. (F\u00fcr den Verkauf innerhalb \u00d6sterreichs ist Deutsch als Sprache verpflichtend. Weitere Sprachen m\u00fcssen zus\u00e4tzlich angegeben werden.)<\/p>\n<p><strong>4. Preise<\/strong><br \/>Die Preise gelten zum Zeitpunkt der Bestellung inklusive gesetzlicher MwSt. zuz\u00fcglich aller mit dem Versand entstehenden Spesen. Sie sind vor Vertragsschluss im Warenkorb und danach in einer, an den Kunden \u00fcbersendeten Vertragsbest\u00e4tigung ersichtlich. Sollten im Zuge des Versandes Export- oder Importabgaben f\u00e4llig werden, gehen auch diese zu Lasten des Bestellers (Informationen dazu erhalten Sie bei Ihrem zust\u00e4ndigen Zollamt).<\/p>\n<p><strong>5.Widerrufsrecht f\u00fcr Verbraucher aus \u00d6sterreich<\/strong><br \/>Verbraucher gem. KSchG haben das Recht, binnen vierzehn Tagen ohne Angabe von Gr\u00fcnden diesen Vertrag zu widerrufen. Mehr dazu finden Sie unter [Wiederruf].<\/p>\n<p><strong>6.Zahlungsverzug<\/strong><br \/>Bei Zahlungsverzug des Kunden sind wir berechtigt die gesetzlich geregelten Verzugszinsen einzufordern. Der gesetzliche Zinssatz bei Geldforderungen zwischen Unternehmern aus Unternehmergesch\u00e4ften betr\u00e4gt 9,2 Prozentpunkte \u00fcber dem Basiszinssatz . Ist der Schuldner jedoch nicht f\u00fcr die Verz\u00f6gerung verantwortlich, so betr\u00e4gt der Verzugszinssatz 4 %. Au\u00dferdem sind wir im Falle des Zahlungsverzugsverzugs gem. \u00a7 458 UGB berechtigt als Entsch\u00e4digung f\u00fcr etwaige Betreibungskosten vom Schuldner einen Pauschalbetrag von 40\u00a0Euro zu fordern. Die gesetzlichen Verzugszinsen zwischen Verbrauchern und Unternehmern betragen 4 Prozentpunkte.<\/p>\n<p>&nbsp;<\/p>\n<p>[\/et_pb_text][\/et_pb_column][et_pb_column type=&#8221;1_2&#8243; _builder_version=&#8221;4.16&#8243; _module_preset=&#8221;default&#8221; global_colors_info=&#8221;{}&#8221;][et_pb_text _builder_version=&#8221;4.16&#8243; _module_preset=&#8221;default&#8221; text_font=&#8221;Poppins|300|||||||&#8221; text_text_color=&#8221;#000000&#8243; global_colors_info=&#8221;{}&#8221;]<\/p>\n<p><strong>7.Mahn- und Inkassospesen<\/strong><br \/>Der Vertragspartner verpflichtet sich f\u00fcr den Fall des Verzuges, selbst bei unverschuldetem Zahlungsverzug, die uns zustehenden Mahn- und Inkassospesen soweit sie zur zweckentsprechenden Rechtsverfolgung notwendig und im Verh\u00e4ltnis zur Forderung angemessen sind, zu ersetzen, wobei er sich im Speziellen verpflichtet, im Falle der Beiziehung eines Inkassob\u00fcros die uns dadurch entstehenden Kosten, soweit diese nicht die H\u00f6chsts\u00e4tze der Inkassob\u00fcros geb\u00fchrenden Verg\u00fctungen \u00fcberschreiten, zu ersetzen. Sofern wir das Mahnwesen selbst betrieben, verpflichtet sich der Schuldner, pro Mahnung einen Betrag von EUR 12.-, sowie f\u00fcr die Evidenzhaltung des Schuldverh\u00e4ltnisses im Mahnwesen pro Halbjahr einen Betrag von EUR 5.- jeweils zu bezahlen.<\/p>\n<p><strong>8.Annahmeverzug<\/strong><br \/>F\u00fcr den Annahmeverzug bei Kunden, die als Unternehmer bestellt haben, sind wir berechtigt, die Ware bei uns einzulagern, wof\u00fcr wir eine Lagergeb\u00fchr von EUR 0,1 pro angefangenem Kalendertag in Rechnung stellen. Gleichzeitig bestehen wir auf Vertragserf\u00fcllung.<\/p>\n<p><strong>9.Eigentumsvorbehalt<\/strong><br \/>Wir behalten uns das Eigentum an der gelieferten Dienstleistung oder Ware bzw. an den von uns bearbeiteten oder erstellten Medien bis zum Eingang aller Zahlungen aus der Gesch\u00e4ftsverbindung mit dem Kunden vor. Ver\u00e4u\u00dfert der Kunde Eigentumsvorbehaltsware weiter, so hat er ebenfalls den Eigentumsvorbehalt weiterzuleiten. Zugriffe Dritter auf unsere Eigentumsvorbehaltsware hat der Kunden unverz\u00fcglich anzuzeigen. Verpf\u00e4ndungen, Sicherungs\u00fcbereignungen und \u00c4hnliches der Eigentumsvorbehaltsware sind nur mit unserer vorherigen Zustimmung zul\u00e4ssig. Wird bei Zahlungsverzug nach Mahnung nicht sofort Zahlung geleistet, so ist unsere Eigentumsvorbehaltsware unverz\u00fcglich herauszugeben. Die R\u00fccknahmekosten gehen zu Lasten des Kunden.<\/p>\n<p><strong>10.Datenschutz<\/strong><br \/>Der Schutz Ihrer Privatsph\u00e4re ist uns sehr wichtig. Unter [Datenschutz] informieren wir Sie ausf\u00fchrlich \u00fcber den Umgang mit Ihren Daten.<\/p>\n<p><strong>11. Anwendbares Recht, Gerichtsstand<\/strong><br \/>Die Vertragspartner vereinbaren die Anwendung \u00f6sterreichischen Rechts. Hat der Verbraucher im Inland seinen Wohnsitz oder seinen gew\u00f6hnlichen Aufenthalt oder ist er im Inland besch\u00e4ftigt, so kann f\u00fcr eine Klage gegen ihn nur die Zust\u00e4ndigkeit des Gerichtes begr\u00fcndet werden, in dessen Sprengel der Wohnsitz, der gew\u00f6hnliche Aufenthalt oder der Ort der Besch\u00e4ftigung liegt; dies gilt nicht f\u00fcr Rechtsstreitigkeiten, die bereits entstanden sind. Das UN Kaufrecht sowie s\u00e4mtliche Bestimmungen, die sich auf das UN Kaufrecht beziehen, werden ausdr\u00fccklich ausgeschlossen.<br \/>F\u00fcr Vertr\u00e4ge mit Unternehmen ist unser Firmensitz als Gerichtsstand vereinbart.<\/p>\n<p>14. Erf\u00fcllungsort f\u00fcr Unternehmergesch\u00e4fte<br \/>Erf\u00fcllungsort f\u00fcr s\u00e4mtliche Leistungen aus dem Vertrag ist unser Firmensitz.<\/p>\n<p><strong>13. Copyright<\/strong><br \/>Alle Nachrichten, Grafiken und das Design unserer Website dienen ausschlie\u00dflich der pers\u00f6nlichen Information unserer Kunden und sind urheberrechtlich gesch\u00fctzt.<\/p>\n<p><strong>14. Speicherung des Vertrages<\/strong><br \/>Der Vertragstext wird bei uns gespeichert und wird nach Abschluss des Bestellvorgangs Ihnen angefordert werden. Sie k\u00f6nnen die Bestelldaten unmittelbar nach dem Abschicken ausdrucken. Dazu k\u00f6nnen Sie entweder die anschlie\u00dfende Seite &#8220;Ihre Bestellung&#8221; oder die Mail &#8220;Empfangsbest\u00e4tigung&#8221; benutzen.<\/p>\n<p><strong>15.Sonstiges<\/strong><br \/>Regressforderungen im Sinne des Produkthaftungsgesetzes sind ausgeschlossen, es sei denn, der Regressberechtigte weist nach, dass der Fehler in unserer Sph\u00e4re verursacht und zumindest grob fahrl\u00e4ssig verschuldet worden ist. Der Vertragspartner verzichtet auf die M\u00f6glichkeit der Aufrechnung. Dies gilt jedoch nicht gegen \u00fcber Verbrauchern.<\/p>\n<p>[\/et_pb_text][\/et_pb_column][\/et_pb_row][\/et_pb_section]<\/p>\n","protected":false},"excerpt":{"rendered":"<p>Gesch\u00e4ftsbedingungenF\u00fcr Leistungen sowie Lieferungen zwischen den Kunden und [Firma] gelten ausschlie\u00dflich die nachfolgenden Allgemeinen Gesch\u00e4ftsbedingungen. Der Kunde erkennt die ausschlie\u00dfliche Geltung unserer Allgemeinen Gesch\u00e4ftsbedingungen f\u00fcr die gesamten Gesch\u00e4ftsbeziehungen an. 1. AllgemeinesDer Verkauf unserer Waren erfolgt an Verbraucher sowie Unternehmer mit Wohnsitz\/ Firmensitz in \u00d6sterreich. Mit dem Anklicken der Checkbox im Warenkorb vor Abgabe der Bestellung [&hellip;]<\/p>\n","protected":false},"author":1,"featured_media":0,"parent":0,"menu_order":0,"comment_status":"closed","ping_status":"closed","template":"","meta":{"_et_pb_use_builder":"on","_et_pb_old_content":"","_et_gb_content_width":"","footnotes":""},"class_list":["post-375","page","type-page","status-publish","hentry"],"_links":{"self":[{"href":"https:\/\/nutzling.at\/home\/wp-json\/wp\/v2\/pages\/375","targetHints":{"allow":["GET"]}}],"collection":[{"href":"https:\/\/nutzling.at\/home\/wp-json\/wp\/v2\/pages"}],"about":[{"href":"https:\/\/nutzling.at\/home\/wp-json\/wp\/v2\/types\/page"}],"author":[{"embeddable":true,"href":"https:\/\/nutzling.at\/home\/wp-json\/wp\/v2\/users\/1"}],"replies":[{"embeddable":true,"href":"https:\/\/nutzling.at\/home\/wp-json\/wp\/v2\/comments?post=375"}],"version-history":[{"count":7,"href":"https:\/\/nutzling.at\/home\/wp-json\/wp\/v2\/pages\/375\/revisions"}],"predecessor-version":[{"id":570,"href":"https:\/\/nutzling.at\/home\/wp-json\/wp\/v2\/pages\/375\/revisions\/570"}],"wp:attachment":[{"href":"https:\/\/nutzling.at\/home\/wp-json\/wp\/v2\/media?parent=375"}],"curies":[{"name":"wp","href":"https:\/\/api.w.org\/{rel}","templated":true}]}}