{"id":798,"date":"2023-01-30T21:18:54","date_gmt":"2023-01-30T20:18:54","guid":{"rendered":"https:\/\/nutzling.at\/home\/?post_type=product&#038;p=798"},"modified":"2023-01-31T14:09:55","modified_gmt":"2023-01-31T13:09:55","slug":"crypton-gegen-wolllaus","status":"publish","type":"product","link":"https:\/\/nutzling.at\/home\/produkt\/crypton-gegen-wolllaus\/","title":{"rendered":"Krypton gegen Schmierl\u00e4use"},"content":{"rendered":"<p>Unsere Krypton T\u00fcten enthalten 20 Larven eines r\u00e4uberischen K\u00e4fers aus der Familie der Marienk\u00e4fer. Die wei\u00dfen, flauschigen Larven des Krypton K\u00e4fers sind etwa 0,5 cm gro\u00df.<br \/>\nKrypto-Marienk\u00e4fer sind auf die Beseitigung von Wolll\u00e4usen spezialisiert, k\u00f6nnen aber auch Schildl\u00e4use und Blattl\u00e4use fressen. Die Larven k\u00f6nnen bis zu 30 Wolll\u00e4use pro Tag fressen. Die N\u00fctzlinge gegen Wolll\u00e4use werden in einer \u00f6kologischen Papiert\u00fcte mit Buchweizenschalen und Futter geliefert. Die Papiert\u00fcten k\u00f6nnen verstreut oder auf den Pflanzen aufgeh\u00e4ngt werden. Der r\u00e4uberische Krypto kann sich dann an die arbeit machen. Unsere N\u00fctzlinge sind eine nat\u00fcrliche Methode zur Bek\u00e4mpfung von Sch\u00e4dlingen, ohne Lebewesen oder Natur zu schaden.<\/p>\n","protected":false},"excerpt":{"rendered":"<p>Krypton ist der nat\u00fcrliche Feind von Woll- und Schmierl\u00e4usen.<\/p>\n","protected":false},"featured_media":870,"template":"","meta":{"_et_pb_use_builder":"","_et_pb_old_content":"","_et_gb_content_width":""},"product_cat":[16],"product_tag":[],"class_list":["post-798","product","type-product","status-publish","has-post-thumbnail","hentry","product_cat-unkategorisiert"],"_links":{"self":[{"href":"https:\/\/nutzling.at\/home\/wp-json\/wp\/v2\/product\/798","targetHints":{"allow":["GET"]}}],"collection":[{"href":"https:\/\/nutzling.at\/home\/wp-json\/wp\/v2\/product"}],"about":[{"href":"https:\/\/nutzling.at\/home\/wp-json\/wp\/v2\/types\/product"}],"wp:featuredmedia":[{"embeddable":true,"href":"https:\/\/nutzling.at\/home\/wp-json\/wp\/v2\/media\/870"}],"wp:attachment":[{"href":"https:\/\/nutzling.at\/home\/wp-json\/wp\/v2\/media?parent=798"}],"wp:term":[{"taxonomy":"product_cat","embeddable":true,"href":"https:\/\/nutzling.at\/home\/wp-json\/wp\/v2\/product_cat?post=798"},{"taxonomy":"product_tag","embeddable":true,"href":"https:\/\/nutzling.at\/home\/wp-json\/wp\/v2\/product_tag?post=798"}],"curies":[{"name":"wp","href":"https:\/\/api.w.org\/{rel}","templated":true}]}}