{"id":800,"date":"2023-01-31T09:15:58","date_gmt":"2023-01-31T08:15:58","guid":{"rendered":"https:\/\/nutzling.at\/home\/?post_type=product&#038;p=800"},"modified":"2023-03-15T19:53:49","modified_gmt":"2023-03-15T18:53:49","slug":"adalia-gegen-blattlaeuse","status":"publish","type":"product","link":"https:\/\/nutzling.at\/home\/produkt\/adalia-gegen-blattlaeuse\/","title":{"rendered":"Adalia gegen Blattl\u00e4use"},"content":{"rendered":"<p>[et_pb_section fb_built=&#8221;1&#8243; _builder_version=&#8221;4.16&#8243; custom_padding=&#8221;0px||||false|false&#8221; global_colors_info=&#8221;{}&#8221;][et_pb_row _builder_version=&#8221;4.16&#8243; custom_padding=&#8221;0px||0px||false|false&#8221; global_colors_info=&#8221;{}&#8221;][et_pb_column type=&#8221;4_4&#8243; _builder_version=&#8221;4.16&#8243; custom_padding=&#8221;|||&#8221; global_colors_info=&#8221;{}&#8221; custom_padding__hover=&#8221;|||&#8221;][et_pb_wc_breadcrumb _builder_version=&#8221;4.16&#8243; global_colors_info=&#8221;{}&#8221;][\/et_pb_wc_breadcrumb][et_pb_wc_cart_notice _builder_version=&#8221;4.16&#8243; global_colors_info=&#8221;{}&#8221;][\/et_pb_wc_cart_notice][\/et_pb_column][\/et_pb_row][et_pb_row _builder_version=&#8221;4.16&#8243; custom_padding=&#8221;0px||||false|false&#8221; global_colors_info=&#8221;{}&#8221; column_structure=&#8221;1_2,1_2&#8243;][et_pb_column type=&#8221;1_2&#8243; _builder_version=&#8221;4.16&#8243; custom_padding=&#8221;|||&#8221; global_colors_info=&#8221;{}&#8221; custom_padding__hover=&#8221;|||&#8221;][et_pb_wc_images _builder_version=&#8221;4.16&#8243; global_colors_info=&#8221;{}&#8221;][\/et_pb_wc_images][\/et_pb_column][et_pb_column type=&#8221;1_2&#8243; _builder_version=&#8221;4.16&#8243; custom_padding=&#8221;|||&#8221; global_colors_info=&#8221;{}&#8221; custom_padding__hover=&#8221;|||&#8221;][et_pb_wc_title _builder_version=&#8221;4.16&#8243; global_colors_info=&#8221;{}&#8221;][\/et_pb_wc_title][et_pb_wc_rating _builder_version=&#8221;4.16&#8243; global_colors_info=&#8221;{}&#8221;][\/et_pb_wc_rating][et_pb_wc_price _builder_version=&#8221;4.16&#8243; global_colors_info=&#8221;{}&#8221;][\/et_pb_wc_price][et_pb_wc_description _builder_version=&#8221;4.16&#8243; global_colors_info=&#8221;{}&#8221;][\/et_pb_wc_description][et_pb_wc_add_to_cart _builder_version=&#8221;4.16&#8243; global_colors_info=&#8221;{}&#8221;][\/et_pb_wc_add_to_cart][et_pb_wc_meta _builder_version=&#8221;4.16&#8243; global_colors_info=&#8221;{}&#8221;][\/et_pb_wc_meta][\/et_pb_column][\/et_pb_row][et_pb_row _builder_version=&#8221;4.16&#8243; global_colors_info=&#8221;{}&#8221;][et_pb_column type=&#8221;4_4&#8243; _builder_version=&#8221;4.16&#8243; custom_padding=&#8221;|||&#8221; global_colors_info=&#8221;{}&#8221; custom_padding__hover=&#8221;|||&#8221;][et_pb_wc_tabs _builder_version=&#8221;4.16&#8243; global_colors_info=&#8221;{}&#8221;]\t\t\t\t\t[\/et_pb_wc_tabs][et_pb_wc_upsells _builder_version=&#8221;4.16&#8243; global_colors_info=&#8221;{}&#8221;][\/et_pb_wc_upsells][et_pb_wc_related_products _builder_version=&#8221;4.16&#8243; global_colors_info=&#8221;{}&#8221;][\/et_pb_wc_related_products][\/et_pb_column][\/et_pb_row][\/et_pb_section]<\/p>\n","protected":false},"excerpt":{"rendered":"<p>Adalia Marienk\u00e4fer gegen Blattl\u00e4use, Blasenl\u00e4use und Gallblattl\u00e4use. Zweipunktmarienk\u00e4fer sind bei uns heimisch und eignen sich dadurch bestens f\u00fcr den Einsatz im freien.<\/p>\n","protected":false},"featured_media":879,"template":"","meta":{"_et_pb_use_builder":"on","_et_pb_old_content":"<span style=\"font-size: medium\">Adalia bipunctata (Zweipunkt-Marienk\u00e4fer) ist ein in der Natur h\u00e4ufig vorkommender Marienk\u00e4fer, der sehr effizient in der Blattlausbek\u00e4mpfung eingesetzt wird, insbesondere bei Zierpflanzen, Obstb\u00e4umen und Gem\u00fcsepflanzen. Die beste Anwendung betrifft die Reduktion infizierter \u201eBrennpunkte\u201c, auch in Kombination mit anderen nat\u00fcrlichen Feinden. <\/span><span style=\"font-size: medium\">Zweipunktmarienk\u00e4fer sind bei uns heimisch und dadurch bestens f\u00fcr den Einsatz im Freiland und Innenraum geeignet. Ebenso wie die Larven ern\u00e4hren sich als auch die Adulten von verschiedensten Blattlausarten und beginnen sofort nach der Ausbringung zu fressen. W\u00e4hrend eine Larve bis zu 100 Blattl\u00e4use pro Tag frisst, schafft ein erwachsener K\u00e4fer bis zu 50 Blattl\u00e4use pro Tag. Die erwachsenen K\u00e4fer k\u00f6nnen verschieden gef\u00e4rbt sein: Rot mit schwarzen Punkten oder Schwarz mit roten Punkten.<\/span> <span style=\"font-size: medium\"><b>\r\n<\/b><\/span>","_et_gb_content_width":""},"product_cat":[16],"product_tag":[],"class_list":["post-800","product","type-product","status-publish","has-post-thumbnail","hentry","product_cat-unkategorisiert"],"_links":{"self":[{"href":"https:\/\/nutzling.at\/home\/wp-json\/wp\/v2\/product\/800","targetHints":{"allow":["GET"]}}],"collection":[{"href":"https:\/\/nutzling.at\/home\/wp-json\/wp\/v2\/product"}],"about":[{"href":"https:\/\/nutzling.at\/home\/wp-json\/wp\/v2\/types\/product"}],"wp:featuredmedia":[{"embeddable":true,"href":"https:\/\/nutzling.at\/home\/wp-json\/wp\/v2\/media\/879"}],"wp:attachment":[{"href":"https:\/\/nutzling.at\/home\/wp-json\/wp\/v2\/media?parent=800"}],"wp:term":[{"taxonomy":"product_cat","embeddable":true,"href":"https:\/\/nutzling.at\/home\/wp-json\/wp\/v2\/product_cat?post=800"},{"taxonomy":"product_tag","embeddable":true,"href":"https:\/\/nutzling.at\/home\/wp-json\/wp\/v2\/product_tag?post=800"}],"curies":[{"name":"wp","href":"https:\/\/api.w.org\/{rel}","templated":true}]}}